{"id":59,"date":"2024-05-27T12:09:21","date_gmt":"2024-05-27T10:09:21","guid":{"rendered":"https:\/\/endocrinordominguez.com\/?page_id=59"},"modified":"2024-05-28T11:45:26","modified_gmt":"2024-05-28T09:45:26","slug":"sobre-mi","status":"publish","type":"page","link":"https:\/\/endocrinordominguez.com\/index.php\/sobre-mi\/","title":{"rendered":"Sobre mi"},"content":{"rendered":"\n<div class=\"wp-block-uagb-container uagb-block-e061bce7 alignfull uagb-is-root-container\"><div class=\"uagb-container-inner-blocks-wrap\">\n<div class=\"wp-block-uagb-container uagb-block-3d4cdec3\">\n<figure class=\"wp-block-image size-full\"><img loading=\"lazy\" decoding=\"async\" width=\"508\" height=\"710\" src=\"https:\/\/endocrinordominguez.com\/wp-content\/uploads\/2024\/05\/Roberto-2.png\" alt=\"\" class=\"wp-image-72\" srcset=\"https:\/\/endocrinordominguez.com\/wp-content\/uploads\/2024\/05\/Roberto-2.png 508w, https:\/\/endocrinordominguez.com\/wp-content\/uploads\/2024\/05\/Roberto-2-215x300.png 215w\" sizes=\"(max-width: 508px) 100vw, 508px\" \/><\/figure>\n<\/div>\n\n\n\n<div class=\"wp-block-uagb-container uagb-block-47d45551\">\n<h2 class=\"wp-block-heading\">Introducci\u00f3n Personal<\/h2>\n\n\n\n<p>Natural de Salamanca, casado y con cinco hijos. Realic\u00e9 la Licenciatura de Medicina y Cirug\u00eda en la Universidad de Salamanca desde el a\u00f1o 1997 hasta el a\u00f1o 2003. Ah\u00ed comenz\u00f3 mi curiosidad hacia la especialidad de Endocrinolog\u00eda y Nutrici\u00f3n.<\/p>\n\n\n\n<h2 class=\"wp-block-heading\">Formaci\u00f3n Acad\u00e9mica<\/h2>\n\n\n\n<p><strong>Universidad de Salamanca (1997-2003)<\/strong><\/p>\n\n\n\n<ul class=\"wp-block-list\">\n<li>Licenciatura de <strong>Medicina y Cirug\u00eda<\/strong>.<\/li>\n<\/ul>\n\n\n\n<p><strong>Hospital Puerta de Hierro (2004-2008)<\/strong><\/p>\n\n\n\n<ul class=\"wp-block-list\">\n<li><strong>M\u00e9dico residente en Endocrinolog\u00eda <\/strong>y Nutrici\u00f3n.<\/li>\n\n\n\n<li><strong>Formaci\u00f3n especializada<\/strong> en patolog\u00eda tiroidea, diabetes, obesidad, patolog\u00eda hipofisaria, alteraciones suprarrenales y tumores neuroendocrinos.<\/li>\n<\/ul>\n\n\n\n<p><strong>Diploma de Estudios Avanzados (2008)<\/strong><\/p>\n\n\n\n<ul class=\"wp-block-list\">\n<li>&#8220;<strong>Carcinoma suprarrenal<\/strong>. Estudio de siete casos&#8221;.<\/li>\n<\/ul>\n<\/div>\n<\/div><\/div>\n\n\n\n<div class=\"wp-block-uagb-container uagb-block-04c2cb6a alignfull uagb-is-root-container\">\n<div class=\"wp-block-uagb-container uagb-block-0554f8d2 alignfull uagb-is-root-container\"><div class=\"uagb-container-inner-blocks-wrap\">\n<div class=\"wp-block-uagb-container uagb-block-e4efe472\">\n<h2 class=\"wp-block-heading has-base-3-color has-text-color has-link-color wp-elements-07207091bedbee77b94f590ad579909f\">Mi Compromiso Contigo<\/h2>\n\n\n\n<p class=\"has-base-3-color has-text-color has-link-color wp-elements-c6cb53483abf7ebfbf1010563621becf\">Entiendo que lidiar con problemas endocrinos puede ser un desaf\u00edo y, a veces, sentirse abrumador. Por eso, he decidido ofrecer consultas online, una soluci\u00f3n que nos permite conectarnos sin importar la distancia. Mi objetivo es ayudarte a mejorar tu calidad de vida con una atenci\u00f3n personalizada y cercana.<\/p>\n\n\n\n<p class=\"has-base-3-color has-text-color has-link-color wp-elements-047ba00f40f944714152b4f006436db6\">Con una amplia experiencia en consultas no presenciales, estoy aqu\u00ed para ofrecerte un enfoque individualizado. Durante nuestra primera consulta, abordaremos tus problemas endocrinos y juntos dise\u00f1aremos un plan de tratamiento y seguimiento adaptado a tus necesidades. Estoy comprometido a caminar contigo en cada paso del camino hacia tus objetivos de salud.<\/p>\n\n\n\n<p class=\"has-base-3-color has-text-color has-link-color wp-elements-de9df0ebe33161a948a7c2644ff7f0cd\">Adem\u00e1s, puedes contar conmigo tanto en consultas presenciales como no presenciales en el Hospital Universitario Ruber Juan Bravo, Centro Quir\u00f3nsalud Tres Cantos, y Centro Milenium Conde Duque.<\/p>\n<\/div>\n\n\n\n<div class=\"wp-block-uagb-container uagb-block-c5b4c1b1\">\n<figure class=\"wp-block-image size-full\"><img loading=\"lazy\" decoding=\"async\" width=\"567\" height=\"710\" src=\"https:\/\/endocrinordominguez.com\/wp-content\/uploads\/2024\/05\/roberto-corredor.png\" alt=\"\" class=\"wp-image-79\" srcset=\"https:\/\/endocrinordominguez.com\/wp-content\/uploads\/2024\/05\/roberto-corredor.png 567w, https:\/\/endocrinordominguez.com\/wp-content\/uploads\/2024\/05\/roberto-corredor-240x300.png 240w\" sizes=\"(max-width: 567px) 100vw, 567px\" \/><\/figure>\n<\/div>\n<\/div><\/div>\n<\/div>\n\n\n\n<div style=\"height:69px\" aria-hidden=\"true\" class=\"wp-block-spacer\"><\/div>\n\n\n\n<h2 class=\"wp-block-heading\">Experiencia Profesional<\/h2>\n\n\n\n<h3 class=\"wp-block-heading\">Hospital Universitario Fundaci\u00f3n Jim\u00e9nez D\u00edaz (2008-2019)<\/h3>\n\n\n\n<ul class=\"wp-block-list\">\n<li>Facultativo especialista en Endocrinolog\u00eda.<\/li>\n\n\n\n<li>Seguimiento integral de pacientes con patolog\u00eda endocrina.<\/li>\n\n\n\n<li>Responsable de la consulta de alta resoluci\u00f3n de n\u00f3dulo tiroideo.<\/li>\n\n\n\n<li>Realizaci\u00f3n de m\u00e1s de 1500 exploraciones ecogr\u00e1ficas.<\/li>\n<\/ul>\n\n\n\n<h3 class=\"wp-block-heading\">Posiciones Actuales<\/h3>\n\n\n\n<ul class=\"wp-block-list\">\n<li>Hospital Universitario Ruber Juan Bravo.<\/li>\n\n\n\n<li>Centro Milenium Conde Duque.<\/li>\n\n\n\n<li>Centro Quir\u00f3nsalud Tres Cantos.<\/li>\n<\/ul>\n\n\n\n<div class=\"wp-block-uagb-separator uagb-block-34190715\"><div class=\"wp-block-uagb-separator__inner\" style=\"--my-background-image:\"><\/div><\/div>\n\n\n\n<h2 class=\"wp-block-heading\">Docencia<\/h2>\n\n\n\n<h3 class=\"wp-block-heading\">Universidad Aut\u00f3noma de Madrid<\/h3>\n\n\n\n<ul class=\"wp-block-list\">\n<li>Colaborador docente para alumnos de cuarto y quinto a\u00f1o de medicina.<\/li>\n<\/ul>\n\n\n\n<h3 class=\"wp-block-heading\">Universidad Europea de Madrid<\/h3>\n\n\n\n<ul class=\"wp-block-list\">\n<li>Profesor asociado.<\/li>\n<\/ul>\n\n\n\n<div class=\"wp-block-uagb-separator uagb-block-78590841\"><div class=\"wp-block-uagb-separator__inner\" style=\"--my-background-image:\"><\/div><\/div>\n\n\n\n<h2 class=\"wp-block-heading\">Membres\u00edas y Sociedades Cient\u00edficas<\/h2>\n\n\n\n<ul class=\"wp-block-list\">\n<li>Miembro de la Sociedad Espa\u00f1ola de Endocrinolog\u00eda y Nutrici\u00f3n (SEEN).<\/li>\n\n\n\n<li>Miembro de la Sociedad de Endocrinolog\u00eda, Nutrici\u00f3n y Diabetes de la Comunidad de Madrid (SENDIMAD).<\/li>\n<\/ul>\n\n\n\n<div class=\"wp-block-uagb-separator uagb-block-83860752\"><div class=\"wp-block-uagb-separator__inner\" style=\"--my-background-image:\"><\/div><\/div>\n\n\n\n<h2 class=\"wp-block-heading\">Publicaciones<\/h2>\n\n\n\n<h3 class=\"wp-block-heading\">Riesgo de hipocalcemia aguda en paciente post-tiroidectom\u00eda que practica ejercicio de resistencia: a prop\u00f3sito de un caso<\/h3>\n\n\n\n<ul class=\"wp-block-list\">\n<li>P\u00e9rez Ruiz M, Dom\u00ednguez Fern\u00e1ndez R. SEMERG 1269. Noviembre 2017.<\/li>\n<\/ul>\n\n\n\n<h3 class=\"wp-block-heading\">Hipoglucemia facticia<\/h3>\n\n\n\n<ul class=\"wp-block-list\">\n<li>Sonsoles Guti\u00e9rrez Medina, Carmen Arag\u00f3n Valera, Roberto Dom\u00ednguez Fern\u00e1ndez, Leonor Garc\u00eda S\u00e1nchez, Katty Manrique Franco, Adela Rovira Loscos. Endocrinolog\u00eda y Nutrici\u00f3n. Marzo 2013.<\/li>\n<\/ul>\n\n\n\n<h3 class=\"wp-block-heading\">Carcinoma papilar tiroideo, variante esclerosante difusa<\/h3>\n\n\n\n<ul class=\"wp-block-list\">\n<li>Katty Manrique Franco, Roberto Dom\u00ednguez Fern\u00e1ndez, Jos\u00e9 Ignacio Lara Capell\u00e1n, Guadalupe Renedo Pascual, Adela Rovira Loscos. Endocrinolog\u00eda y Nutrici\u00f3n. Diciembre 2010.<\/li>\n<\/ul>\n\n\n\n<div class=\"wp-block-uagb-separator uagb-block-69355551\"><div class=\"wp-block-uagb-separator__inner\" style=\"--my-background-image:\"><\/div><\/div>\n\n\n\n<h2 class=\"wp-block-heading\">Comunicaciones y Ponencias<\/h2>\n\n\n\n<h3 class=\"wp-block-heading\">Eficacia y seguridad del cambio, por presencia de hipoglucemias, de insulina basal previa a insulina degludec en pacientes con DM1<\/h3>\n\n\n\n<ul class=\"wp-block-list\">\n<li>Barrio P, Lecumberri E, Quesada JA, Dom\u00ednguez R, Mart\u00edn C, Orozco Beltr\u00e1n D. XXVIII Congreso de la Sociedad Espa\u00f1ola de Diabetes (SED). Barcelona, Abril 2017.<\/li>\n<\/ul>\n\n\n\n<h3 class=\"wp-block-heading\">An\u00e1lisis en vida real del uso de insulina glargina U300 en pacientes diab\u00e9ticos previamente insulinizados<\/h3>\n\n\n\n<ul class=\"wp-block-list\">\n<li>De la Cruz MJ, Estrella A, Dom\u00ednguez R, Lecumberri E, V\u00e1zquez C. XVI Congreso de la Sociedad de Endocrinolog\u00eda, Nutrici\u00f3n y Diabetes de la Comunidad de Madrid (SENDIMAD). Madrid, Noviembre 2017.<\/li>\n<\/ul>\n","protected":false},"excerpt":{"rendered":"<p>Introducci\u00f3n Personal Natural de Salamanca, casado y con cinco hijos. Realic\u00e9 la Licenciatura de Medicina y Cirug\u00eda en la Universidad de Salamanca desde el a\u00f1o 1997 hasta el a\u00f1o 2003. Ah\u00ed comenz\u00f3 mi curiosidad hacia la especialidad de Endocrinolog\u00eda y Nutrici\u00f3n. Formaci\u00f3n Acad\u00e9mica Universidad de Salamanca (1997-2003) Hospital Puerta de Hierro (2004-2008) Diploma de Estudios &#8230; <a title=\"Sobre mi\" class=\"read-more\" href=\"https:\/\/endocrinordominguez.com\/index.php\/sobre-mi\/\" aria-label=\"Read more about Sobre mi\">Read more<\/a><\/p>\n","protected":false},"author":1,"featured_media":0,"parent":0,"menu_order":0,"comment_status":"closed","ping_status":"closed","template":"","meta":{"_uag_custom_page_level_css":"","footnotes":""},"class_list":["post-59","page","type-page","status-publish"],"uagb_featured_image_src":{"full":false,"thumbnail":false,"medium":false,"medium_large":false,"large":false,"1536x1536":false,"2048x2048":false},"uagb_author_info":{"display_name":"endocrinordominguez.com","author_link":"https:\/\/endocrinordominguez.com\/index.php\/author\/endocrinordominguez-com\/"},"uagb_comment_info":0,"uagb_excerpt":"Introducci\u00f3n Personal Natural de Salamanca, casado y con cinco hijos. Realic\u00e9 la Licenciatura de Medicina y Cirug\u00eda en la Universidad de Salamanca desde el a\u00f1o 1997 hasta el a\u00f1o 2003. Ah\u00ed comenz\u00f3 mi curiosidad hacia la especialidad de Endocrinolog\u00eda y Nutrici\u00f3n. Formaci\u00f3n Acad\u00e9mica Universidad de Salamanca (1997-2003) Hospital Puerta de Hierro (2004-2008) Diploma de Estudios&hellip;","_links":{"self":[{"href":"https:\/\/endocrinordominguez.com\/index.php\/wp-json\/wp\/v2\/pages\/59"}],"collection":[{"href":"https:\/\/endocrinordominguez.com\/index.php\/wp-json\/wp\/v2\/pages"}],"about":[{"href":"https:\/\/endocrinordominguez.com\/index.php\/wp-json\/wp\/v2\/types\/page"}],"author":[{"embeddable":true,"href":"https:\/\/endocrinordominguez.com\/index.php\/wp-json\/wp\/v2\/users\/1"}],"replies":[{"embeddable":true,"href":"https:\/\/endocrinordominguez.com\/index.php\/wp-json\/wp\/v2\/comments?post=59"}],"version-history":[{"count":10,"href":"https:\/\/endocrinordominguez.com\/index.php\/wp-json\/wp\/v2\/pages\/59\/revisions"}],"predecessor-version":[{"id":86,"href":"https:\/\/endocrinordominguez.com\/index.php\/wp-json\/wp\/v2\/pages\/59\/revisions\/86"}],"wp:attachment":[{"href":"https:\/\/endocrinordominguez.com\/index.php\/wp-json\/wp\/v2\/media?parent=59"}],"curies":[{"name":"wp","href":"https:\/\/api.w.org\/{rel}","templated":true}]}}